{"id":7,"date":"2026-01-16T21:31:47","date_gmt":"2026-01-16T21:31:47","guid":{"rendered":"https:\/\/playground.fas-gp.de\/?page_id=7"},"modified":"2026-02-02T21:33:27","modified_gmt":"2026-02-02T20:33:27","slug":"ueber-die-lena","status":"publish","type":"page","link":"https:\/\/www.lena-gp.de\/?page_id=7","title":{"rendered":"\u00dcber die LeNa"},"content":{"rendered":"\n<div data-wp-context=\"{ &quot;autoclose&quot;: false, &quot;accordionItems&quot;: [] }\" data-wp-interactive=\"core\/accordion\" role=\"group\" class=\"wp-block-accordion is-layout-flow wp-block-accordion-is-layout-flow\">\n<div data-wp-class--is-open=\"state.isOpen\" data-wp-context=\"{ &quot;id&quot;: &quot;accordion-item-1&quot;, &quot;openByDefault&quot;: false }\" data-wp-init=\"callbacks.initAccordionItems\" data-wp-on-window--hashchange=\"callbacks.hashChange\" class=\"wp-block-accordion-item is-layout-flow wp-block-accordion-item-is-layout-flow\">\n<h3 class=\"wp-block-accordion-heading\"><button aria-expanded=\"false\" aria-controls=\"accordion-item-1-panel\" data-wp-bind--aria-expanded=\"state.isOpen\" data-wp-on--click=\"actions.toggle\" data-wp-on--keydown=\"actions.handleKeyDown\" id=\"accordion-item-1\" class=\"wp-block-accordion-heading__toggle\"><span class=\"wp-block-accordion-heading__toggle-title\">Unsere Vision<\/span><span class=\"wp-block-accordion-heading__toggle-icon\" aria-hidden=\"true\">+<\/span><\/button><\/h3>\n\n\n\n<div inert aria-labelledby=\"accordion-item-1\" data-wp-bind--inert=\"!state.isOpen\" id=\"accordion-item-1-panel\" role=\"region\" class=\"wp-block-accordion-panel is-layout-flow wp-block-accordion-panel-is-layout-flow\">\n<p>Als Eltern, P\u00e4dagog*innen, Schulgr\u00fcnder*innen und B\u00fcrger*innen nehmen wir die aktuellen und zuk\u00fcnftigen gesellschaftlichen und globalen Herausforderungen aus unterschiedlichen Perspektiven wahr. Diese Herausforderungen verlangen nach einer neuen Kultur des Miteinanders \u2013 in unserer Gesellschaft, aber auch an unseren Schulen.&nbsp;<\/p>\n\n\n\n<p>Wir m\u00f6chten mit der LeNa einen Bildungsort der gegenseitigen Wertsch\u00e4tzung schaffen, der die individuelle Pers\u00f6nlichkeit und Entwicklung jedes Kindes in den Mittelpunkt stellt. Einen Ort des Vertrauens, der&nbsp;&nbsp;Konfliktf\u00e4higkeit, der Achtsamkeit und der Naturverbundenheit. Einen Ort an dem sich&nbsp;Kinder angenommen und ernstgenommen f\u00fchlen&nbsp;und&nbsp;an dem sie Haltungen und Werte entwickeln, welche sie zu ethischem, verantwortungsvollem und nachhaltigem Handeln bef\u00e4higen.<\/p>\n<\/div>\n<\/div>\n\n\n\n<div data-wp-class--is-open=\"state.isOpen\" data-wp-context=\"{ &quot;id&quot;: &quot;accordion-item-2&quot;, &quot;openByDefault&quot;: false }\" data-wp-init=\"callbacks.initAccordionItems\" data-wp-on-window--hashchange=\"callbacks.hashChange\" class=\"wp-block-accordion-item is-layout-flow wp-block-accordion-item-is-layout-flow\">\n<h3 class=\"wp-block-accordion-heading\"><button aria-expanded=\"false\" aria-controls=\"accordion-item-2-panel\" data-wp-bind--aria-expanded=\"state.isOpen\" data-wp-on--click=\"actions.toggle\" data-wp-on--keydown=\"actions.handleKeyDown\" id=\"accordion-item-2\" class=\"wp-block-accordion-heading__toggle\"><span class=\"wp-block-accordion-heading__toggle-title\">Unser Name<\/span><span class=\"wp-block-accordion-heading__toggle-icon\" aria-hidden=\"true\">+<\/span><\/button><\/h3>\n\n\n\n<div inert aria-labelledby=\"accordion-item-2\" data-wp-bind--inert=\"!state.isOpen\" id=\"accordion-item-2-panel\" role=\"region\" class=\"wp-block-accordion-panel is-layout-flow wp-block-accordion-panel-is-layout-flow\">\n<p>LeNa steht f\u00fcr &#8222;<strong>Lebendige Naturschule<\/strong>&#8222;.<br>&nbsp;<\/p>\n\n\n\n<p><strong>Lebendig<\/strong> sind Kinder mit jeder Faser ihres Seins. Sie sind neugierig, sensibel, lustig,&nbsp;laut, leise, schnell, &#8230; Damit ecken sie in unserer Gesellschaft und besonders auch in unserem Regelschulsystem immer wieder an.<br>Wir m\u00f6chten mit der LeNa einen Ort schaffen, an dem Kinder sowohl ihren Wissensdurst stillen als auch ihren Bewegungsdrang ausleben k\u00f6nnen.<br>Bewegung ist an der LeNa sowohl w\u00e4hrend der Freiarbeitszeit in einer vorbereiteten Umgebung m\u00f6glich als auch mehrmals w\u00f6chentlich im Natur- und Sozialraum.<br>&nbsp;<\/p>\n\n\n\n<p><strong>Lebendig<\/strong> soll auch unsere Schulgemeinschaft sein. Die LeNa \u00f6ffnet sich sowohl nach au\u00dfen f\u00fcr Kooperationen mit Vereinen, sozialen Einrichtungen, Handwerk, K\u00fcnste, &#8230; als auch nach innen f\u00fcr Eltern und Expert*innen die den Kinder in Workshops ihre F\u00e4higkeiten und Leidenschaften vorstellen und vorleben m\u00f6chten.<br>&nbsp;<\/p>\n\n\n\n<p>Als <strong>Naturschule<\/strong> f\u00fchren wir das Konzept der Wald- und Naturkinderg\u00e4rten weiter. Dabei sehen wir den Natur- und Sozialraum als optimalen Lern- und Entwicklungsraum f\u00fcr Kinder.<br>Lernen im Leben f\u00fcr das Leben!<\/p>\n<\/div>\n<\/div>\n\n\n\n<div data-wp-class--is-open=\"state.isOpen\" data-wp-context=\"{ &quot;id&quot;: &quot;accordion-item-3&quot;, &quot;openByDefault&quot;: false }\" data-wp-init=\"callbacks.initAccordionItems\" data-wp-on-window--hashchange=\"callbacks.hashChange\" class=\"wp-block-accordion-item is-layout-flow wp-block-accordion-item-is-layout-flow\">\n<h3 class=\"wp-block-accordion-heading\"><button aria-expanded=\"false\" aria-controls=\"accordion-item-3-panel\" data-wp-bind--aria-expanded=\"state.isOpen\" data-wp-on--click=\"actions.toggle\" data-wp-on--keydown=\"actions.handleKeyDown\" id=\"accordion-item-3\" class=\"wp-block-accordion-heading__toggle\"><span class=\"wp-block-accordion-heading__toggle-title\">Unser Konzept<\/span><span class=\"wp-block-accordion-heading__toggle-icon\" aria-hidden=\"true\">+<\/span><\/button><\/h3>\n\n\n\n<div inert aria-labelledby=\"accordion-item-3\" data-wp-bind--inert=\"!state.isOpen\" id=\"accordion-item-3-panel\" role=\"region\" class=\"wp-block-accordion-panel is-layout-flow wp-block-accordion-panel-is-layout-flow\">\n<p>Hier m\u00f6chten wir euch nach und nach&nbsp;einen Einblick in die p\u00e4dagogische Arbeit und Haltung an der LeNa erm\u00f6glichen.<br>&nbsp;<\/p>\n\n\n\n<p>Grundlegend f\u00fcr die Erarbeitung des p\u00e4dagogischen Konzepts der LeNa waren f\u00fcr uns folgende Fragen:<\/p>\n\n\n\n<p># Welche Zukunftskompetenzen, Haltungen und Werte brauchen unsere Kinder, abgesehen von Kulturtechniken und Grundwissen, die ihnen helfen, sich mit Zuversicht den st\u00e4ndig wandelnden Herausforderungen ihres Lebens zu stellen und aktive Gestallter*innen einer friedlichen, demokratischen und achtsamen Gesellschaft zu werden?<\/p>\n\n\n\n<p># Wie muss das Leben und Lernen an Schulen gestaltet sein, damit es nachhaltiges, lebenslanges Lernen und den Erwerb dieser Kompetenzen, Haltungen und Werte unterst\u00fctzt?<\/p>\n\n\n\n<p># Wie kann dem Natur- und Bewegungsbed\u00fcrfnis der Kinder nachgekommen, die Vertrautheit und Verbundenheit mit der Natur unterst\u00fctzt werden und so bei den Kindern ein Bewusstsein und ein Verst\u00e4ndnis f\u00fcr \u00f6kologische, \u00f6konomische und soziale Zusammenh\u00e4nge geschaffen werden?<\/p>\n<\/div>\n<\/div>\n\n\n\n<div data-wp-class--is-open=\"state.isOpen\" data-wp-context=\"{ &quot;id&quot;: &quot;accordion-item-4&quot;, &quot;openByDefault&quot;: false }\" data-wp-init=\"callbacks.initAccordionItems\" data-wp-on-window--hashchange=\"callbacks.hashChange\" class=\"wp-block-accordion-item is-layout-flow wp-block-accordion-item-is-layout-flow\">\n<h3 class=\"wp-block-accordion-heading\"><button aria-expanded=\"false\" aria-controls=\"accordion-item-4-panel\" data-wp-bind--aria-expanded=\"state.isOpen\" data-wp-on--click=\"actions.toggle\" data-wp-on--keydown=\"actions.handleKeyDown\" id=\"accordion-item-4\" class=\"wp-block-accordion-heading__toggle\"><span class=\"wp-block-accordion-heading__toggle-title\">Unser Weg<\/span><span class=\"wp-block-accordion-heading__toggle-icon\" aria-hidden=\"true\">+<\/span><\/button><\/h3>\n\n\n\n<div inert aria-labelledby=\"accordion-item-4\" data-wp-bind--inert=\"!state.isOpen\" id=\"accordion-item-4-panel\" role=\"region\" class=\"wp-block-accordion-panel is-layout-flow wp-block-accordion-panel-is-layout-flow\">\n<p><\/p>\n<\/div>\n<\/div>\n<\/div>\n","protected":false},"excerpt":{"rendered":"","protected":false},"author":1,"featured_media":0,"parent":0,"menu_order":0,"comment_status":"closed","ping_status":"closed","template":"","meta":{"footnotes":""},"class_list":["post-7","page","type-page","status-publish","hentry"],"_links":{"self":[{"href":"https:\/\/www.lena-gp.de\/index.php?rest_route=\/wp\/v2\/pages\/7","targetHints":{"allow":["GET"]}}],"collection":[{"href":"https:\/\/www.lena-gp.de\/index.php?rest_route=\/wp\/v2\/pages"}],"about":[{"href":"https:\/\/www.lena-gp.de\/index.php?rest_route=\/wp\/v2\/types\/page"}],"author":[{"embeddable":true,"href":"https:\/\/www.lena-gp.de\/index.php?rest_route=\/wp\/v2\/users\/1"}],"replies":[{"embeddable":true,"href":"https:\/\/www.lena-gp.de\/index.php?rest_route=%2Fwp%2Fv2%2Fcomments&post=7"}],"version-history":[{"count":3,"href":"https:\/\/www.lena-gp.de\/index.php?rest_route=\/wp\/v2\/pages\/7\/revisions"}],"predecessor-version":[{"id":149,"href":"https:\/\/www.lena-gp.de\/index.php?rest_route=\/wp\/v2\/pages\/7\/revisions\/149"}],"wp:attachment":[{"href":"https:\/\/www.lena-gp.de\/index.php?rest_route=%2Fwp%2Fv2%2Fmedia&parent=7"}],"curies":[{"name":"wp","href":"https:\/\/api.w.org\/{rel}","templated":true}]}}