{"id":16,"date":"2026-01-24T22:41:22","date_gmt":"2026-01-24T22:41:22","guid":{"rendered":"https:\/\/playground.fas-gp.de\/?page_id=16"},"modified":"2026-01-25T21:09:03","modified_gmt":"2026-01-25T21:09:03","slug":"unsere-team-mitglieder","status":"publish","type":"page","link":"https:\/\/www.lena-gp.de\/?page_id=16","title":{"rendered":"Unsere Team-Mitglieder"},"content":{"rendered":"\n<p>Ein so gro\u00dfes Vorhaben wie die Gr\u00fcndung einer Schule braucht jedoch die Energie und Unterst\u00fctzung vieler Einzelner. Wir freuen uns sehr, dass sich immer mehr Menschen f\u00fcr die LeNa interessieren und an der Verwirklichung dieses Herzensprojekt mitarbeiten m\u00f6chten.<br>Hier m\u00f6chten wir euch in n\u00e4chster Zeit diese gro\u00dfartigen Menschen vorstellen.<\/p>\n\n\n\n<div class=\"wp-block-columns is-layout-flex wp-container-core-columns-is-layout-28f84493 wp-block-columns-is-layout-flex\">\n<div class=\"wp-block-column is-layout-flow wp-block-column-is-layout-flow\">\n<figure class=\"wp-block-image size-full is-style-rounded\"><img loading=\"lazy\" decoding=\"async\" width=\"795\" height=\"800\" src=\"https:\/\/playground.fas-gp.de\/wp-content\/uploads\/2026\/01\/Daniela.jpg\" alt=\"\" class=\"wp-image-55\" srcset=\"https:\/\/www.lena-gp.de\/wp-content\/uploads\/2026\/01\/Daniela.jpg 795w, https:\/\/www.lena-gp.de\/wp-content\/uploads\/2026\/01\/Daniela-298x300.jpg 298w, https:\/\/www.lena-gp.de\/wp-content\/uploads\/2026\/01\/Daniela-150x150.jpg 150w, https:\/\/www.lena-gp.de\/wp-content\/uploads\/2026\/01\/Daniela-768x773.jpg 768w\" sizes=\"auto, (max-width: 795px) 100vw, 795px\" \/><\/figure>\n\n\n\n<h2 class=\"wp-block-heading\">Daniela Kiesel<\/h2>\n\n\n\n<p>Gr\u00fcndungsmitglied<br>Vorstand LENa e.V.<br>GHS-Lehrerin<br>Erfahrung mit jahrgangsgemischtem Unterricht<br>Montessori-P\u00e4dagogin i.A.<br>Waldp\u00e4dagogin i.A.<br><\/p>\n<\/div>\n\n\n\n<div class=\"wp-block-column is-layout-flow wp-block-column-is-layout-flow\">\n<figure class=\"wp-block-image size-full is-style-rounded\"><img loading=\"lazy\" decoding=\"async\" width=\"665\" height=\"665\" src=\"https:\/\/playground.fas-gp.de\/wp-content\/uploads\/2026\/01\/Melanie.jpg\" alt=\"\" class=\"wp-image-60\" srcset=\"https:\/\/www.lena-gp.de\/wp-content\/uploads\/2026\/01\/Melanie.jpg 665w, https:\/\/www.lena-gp.de\/wp-content\/uploads\/2026\/01\/Melanie-300x300.jpg 300w, https:\/\/www.lena-gp.de\/wp-content\/uploads\/2026\/01\/Melanie-150x150.jpg 150w\" sizes=\"auto, (max-width: 665px) 100vw, 665px\" \/><\/figure>\n\n\n\n<h2 class=\"wp-block-heading\">Melanie Neth<\/h2>\n\n\n\n<p>Gr\u00fcndungsmitglied<br>Vorstand LENa e.V.<br>Gymnasiallehrerin<br>Pr\u00e4ventionsbeauftragte<br>FB&#8217;in Schulentwicklung<br>Montessori-P\u00e4dagogin<\/p>\n<\/div>\n\n\n\n<div class=\"wp-block-column is-layout-flow wp-block-column-is-layout-flow\">\n<figure class=\"wp-block-image size-full is-style-rounded\"><img loading=\"lazy\" decoding=\"async\" width=\"640\" height=\"640\" src=\"https:\/\/playground.fas-gp.de\/wp-content\/uploads\/2026\/01\/Nici-1.jpg\" alt=\"\" class=\"wp-image-62\" srcset=\"https:\/\/www.lena-gp.de\/wp-content\/uploads\/2026\/01\/Nici-1.jpg 640w, https:\/\/www.lena-gp.de\/wp-content\/uploads\/2026\/01\/Nici-1-300x300.jpg 300w, https:\/\/www.lena-gp.de\/wp-content\/uploads\/2026\/01\/Nici-1-150x150.jpg 150w\" sizes=\"auto, (max-width: 640px) 100vw, 640px\" \/><\/figure>\n\n\n\n<h2 class=\"wp-block-heading\">Nici R\u00f6ck<\/h2>\n\n\n\n<p>Gr\u00fcndungsmitglied<br>Kulturvermittlerin<br>Yogalehrerin f\u00fcr Kinder und Erwachsene<br>Waldp\u00e4dagogin i.A.<\/p>\n<\/div>\n<\/div>\n","protected":false},"excerpt":{"rendered":"<p>Ein so gro\u00dfes Vorhaben wie die Gr\u00fcndung einer Schule braucht jedoch die Energie und Unterst\u00fctzung vieler Einzelner. Wir freuen uns sehr, dass sich immer mehr Menschen f\u00fcr die LeNa interessieren und an der Verwirklichung dieses Herzensprojekt mitarbeiten m\u00f6chten.Hier m\u00f6chten wir euch in n\u00e4chster Zeit diese gro\u00dfartigen Menschen vorstellen. Daniela Kiesel Gr\u00fcndungsmitgliedVorstand LENa e.V.GHS-LehrerinErfahrung mit jahrgangsgemischtem [&hellip;]<\/p>\n","protected":false},"author":1,"featured_media":0,"parent":0,"menu_order":0,"comment_status":"closed","ping_status":"closed","template":"","meta":{"footnotes":""},"class_list":["post-16","page","type-page","status-publish","hentry"],"_links":{"self":[{"href":"https:\/\/www.lena-gp.de\/index.php?rest_route=\/wp\/v2\/pages\/16","targetHints":{"allow":["GET"]}}],"collection":[{"href":"https:\/\/www.lena-gp.de\/index.php?rest_route=\/wp\/v2\/pages"}],"about":[{"href":"https:\/\/www.lena-gp.de\/index.php?rest_route=\/wp\/v2\/types\/page"}],"author":[{"embeddable":true,"href":"https:\/\/www.lena-gp.de\/index.php?rest_route=\/wp\/v2\/users\/1"}],"replies":[{"embeddable":true,"href":"https:\/\/www.lena-gp.de\/index.php?rest_route=%2Fwp%2Fv2%2Fcomments&post=16"}],"version-history":[{"count":2,"href":"https:\/\/www.lena-gp.de\/index.php?rest_route=\/wp\/v2\/pages\/16\/revisions"}],"predecessor-version":[{"id":63,"href":"https:\/\/www.lena-gp.de\/index.php?rest_route=\/wp\/v2\/pages\/16\/revisions\/63"}],"wp:attachment":[{"href":"https:\/\/www.lena-gp.de\/index.php?rest_route=%2Fwp%2Fv2%2Fmedia&parent=16"}],"curies":[{"name":"wp","href":"https:\/\/api.w.org\/{rel}","templated":true}]}}