{"id":15,"date":"2026-01-16T21:28:22","date_gmt":"2026-01-16T21:28:22","guid":{"rendered":"https:\/\/playground.fas-gp.de\/?page_id=15"},"modified":"2026-02-02T21:30:38","modified_gmt":"2026-02-02T20:30:38","slug":"unser-verein","status":"publish","type":"page","link":"https:\/\/www.lena-gp.de\/?page_id=15","title":{"rendered":"Unser Verein"},"content":{"rendered":"\n<p class=\"has-abeezee-font-family\">Auf dem Weg zur Verwirklichung unserer Vision der Lebendigen Naturschule m\u00fcssen viele Schritte getan werden. Einer davon ist die Gr\u00fcndung des Vereins <strong>\u201eLern- und Entwicklungsraum Natur e.V.\u201c (LENa)<\/strong>, welcher Tr\u00e4ger der LeNa ist und f\u00fcr den wir alle ehrenamtlich t\u00e4tig sind.<\/p>\n\n\n\n<hr class=\"wp-block-separator has-alpha-channel-opacity is-style-default\"\/>\n\n\n\n<p>M\u00f6chtest du uns auf unserem Weg unterst\u00fctzen und F\u00f6rdermitglied werden? Dann bist du <strong>hier <\/strong>richtig. Wir freuen uns sehr, wenn du als F\u00f6rdermitglied&nbsp;unsere&nbsp;ehrenamtliche T\u00e4tigkeit und damit die&nbsp;LeNa unterst\u00fctzen m\u00f6chtest.<\/p>\n\n\n\n<p><a href=\"https:\/\/www.fas-gp.de\/wp-content\/uploads\/2026\/01\/Antrag-Foerdermitglied-zum-Ausfuellen-1.pdf\" data-type=\"attachment\" data-id=\"144\" target=\"_blank\" rel=\"noreferrer noopener\">Hier<\/a> findest du den Antrag auf F\u00f6rdermitgliedschaft.<br><a href=\"https:\/\/www.fas-gp.de\/wp-content\/uploads\/2026\/01\/Satzung-LENa.pdf\" data-type=\"attachment\" data-id=\"142\" target=\"_blank\" rel=\"noreferrer noopener\">Hier<\/a> findest du die Vereinssatzung.<br><a href=\"https:\/\/www.fas-gp.de\/wp-content\/uploads\/2026\/01\/230520_Beitragsordnung-des-LENa.pdf\" data-type=\"attachment\" data-id=\"139\" target=\"_blank\" rel=\"noreferrer noopener\">Hier<\/a> findest du die Geb\u00fchrenordnung.<br><a href=\"https:\/\/www.fas-gp.de\/wp-content\/uploads\/2026\/01\/230520_Datenschutzerklaerung-Mitglieder.pdf\" data-type=\"attachment\" data-id=\"140\">Hier<\/a> findest du die Datenschutzerkl\u00e4rung.<\/p>\n\n\n\n<p>Nachdem du den Antrag und die Satzung aufmerksam durchgelesen hast, kannst du die Unterlagen gerne per Post an die folgende Adresse senden:<\/p>\n\n\n\n<p>Lern- und Entwicklungsraum Natur e.V.<br>p. Adr. Melanie Neth<br>Dr.-Pfeiffer-Str. 21<br>D-73035 G\u00f6ppingen<\/p>\n\n\n\n<h3 class=\"wp-block-heading\">&nbsp;Vielen Dank!<\/h3>\n","protected":false},"excerpt":{"rendered":"<p>Auf dem Weg zur Verwirklichung unserer Vision der Lebendigen Naturschule m\u00fcssen viele Schritte getan werden. Einer davon ist die Gr\u00fcndung des Vereins \u201eLern- und Entwicklungsraum Natur e.V.\u201c (LENa), welcher Tr\u00e4ger der LeNa ist und f\u00fcr den wir alle ehrenamtlich t\u00e4tig sind. M\u00f6chtest du uns auf unserem Weg unterst\u00fctzen und F\u00f6rdermitglied werden? Dann bist du hier [&hellip;]<\/p>\n","protected":false},"author":1,"featured_media":0,"parent":0,"menu_order":0,"comment_status":"closed","ping_status":"closed","template":"","meta":{"footnotes":""},"class_list":["post-15","page","type-page","status-publish","hentry"],"_links":{"self":[{"href":"https:\/\/www.lena-gp.de\/index.php?rest_route=\/wp\/v2\/pages\/15","targetHints":{"allow":["GET"]}}],"collection":[{"href":"https:\/\/www.lena-gp.de\/index.php?rest_route=\/wp\/v2\/pages"}],"about":[{"href":"https:\/\/www.lena-gp.de\/index.php?rest_route=\/wp\/v2\/types\/page"}],"author":[{"embeddable":true,"href":"https:\/\/www.lena-gp.de\/index.php?rest_route=\/wp\/v2\/users\/1"}],"replies":[{"embeddable":true,"href":"https:\/\/www.lena-gp.de\/index.php?rest_route=%2Fwp%2Fv2%2Fcomments&post=15"}],"version-history":[{"count":6,"href":"https:\/\/www.lena-gp.de\/index.php?rest_route=\/wp\/v2\/pages\/15\/revisions"}],"predecessor-version":[{"id":147,"href":"https:\/\/www.lena-gp.de\/index.php?rest_route=\/wp\/v2\/pages\/15\/revisions\/147"}],"wp:attachment":[{"href":"https:\/\/www.lena-gp.de\/index.php?rest_route=%2Fwp%2Fv2%2Fmedia&parent=15"}],"curies":[{"name":"wp","href":"https:\/\/api.w.org\/{rel}","templated":true}]}}