{"id":124,"date":"2026-01-28T21:49:41","date_gmt":"2026-01-28T21:49:41","guid":{"rendered":"https:\/\/playground.fas-gp.de\/?page_id=124"},"modified":"2026-02-02T21:53:55","modified_gmt":"2026-02-02T20:53:55","slug":"unterstuetzen","status":"publish","type":"page","link":"https:\/\/www.lena-gp.de\/?page_id=124","title":{"rendered":"Unterst\u00fctzung"},"content":{"rendered":"\n<p>Eine Schule zu gr\u00fcnden, zu leiten und zu erweitern bedarf viel Kraft, Engagement und Unterst\u00fctzung. Wir freuen uns daher \u00fcber alle, die die LeNa unterst\u00fctzen m\u00f6chten. Dies kann auf vielf\u00e4ltige Weise geschehen<\/p>\n\n\n\n<details class=\"wp-block-details has-abeezee-font-family is-layout-flow wp-block-details-is-layout-flow\"><summary>Finanziell<\/summary>\n<p>Du m\u00f6chtest uns <strong>finanziell <\/strong>unterst\u00fctzen?<\/p>\n\n\n\n<p>Kontoinhaber: Lern- und Entwicklungsraum Natur e.V.<br>IBAN: DE37 6105 0000 0049 1418 58<br>Kreditinstitut: Kreissparkasse G\u00f6ppingen<\/p>\n\n\n\n<p>Bitte gib im Verwendungszweck deine Anschrift und Mailadresse an.<br>Du bekommst dann eine Spendenbescheinigung und kannst die Spende von der Steuer absetzen.<\/p>\n<\/details>\n\n\n\n<details class=\"wp-block-details has-abeezee-font-family is-layout-flow wp-block-details-is-layout-flow\"><summary>F\u00f6rdermitglied<br><\/summary>\n<p>Du m\u00f6chtest <strong>F\u00f6rdermitglied <\/strong>in unserem Verein &#8222;Lern- und Entwicklungsraum Natur e.V.&#8220; werden?<\/p>\n\n\n\n<p>Wir freuen uns dich als neues <strong><a href=\"https:\/\/www.fas-gp.de\/?page_id=15\" data-type=\"page\" data-id=\"15\">Mitglied<\/a> <\/strong>begr\u00fc\u00dfen zu d\u00fcrfen!<\/p>\n<\/details>\n\n\n\n<details class=\"wp-block-details has-abeezee-font-family is-layout-flow wp-block-details-is-layout-flow\"><summary>B\u00fcrgschaft<\/summary>\n<p>Du m\u00f6chtest eine <strong>B\u00fcrgschaft <\/strong>\u00fcbernehmen?&nbsp;<\/p>\n\n\n\n<p>Die ersten drei Jahre bekommen wir keine staatlichen Zusch\u00fcsse. Vor allem jetzt am Anfang\u00a0fallen sehr viele Mehrkosten an (Renovierung, Mobiliar, Anschaffungskosten f\u00fcr Materialen\u00a0etc.). Wir haben deshalb bei der GLS-Bank ein B\u00fcrgschaftsdarlehen aufgenommen. Dieses sichert sich \u00fcber Kleinb\u00fcrgschaften zwischen 500 &#8211; 3000 \u20ac ab und jede Person ab 18 Jahren mit Wohnsitz in Deutschland kann uns so unterst\u00fctzen. Wir brauchen Dich als <a href=\"https:\/\/www.fas-gp.de\/wp-content\/uploads\/2026\/01\/LeNa_Buergschaftserklaerung_GLS_2seitig.pdf\" data-type=\"attachment\" data-id=\"92\" target=\"_blank\" rel=\"noreferrer noopener\"><strong>B\u00fcrgen<\/strong><\/a>, damit\u00a0unsere LeNa lebendig wird!<\/p>\n<\/details>\n\n\n\n<details class=\"wp-block-details has-abeezee-font-family is-layout-flow wp-block-details-is-layout-flow\"><summary>Mitarbeit<\/summary>\n<p>Du m\u00f6chtest aktiv im <strong>Gr\u00fcndungsteam <\/strong>mitarbeiten?<\/p>\n\n\n\n<p>Dann nimm bitte <strong><a href=\"https:\/\/www.fas-gp.de\/?page_id=34\" data-type=\"page\" data-id=\"34\">Kontakt<\/a> <\/strong>mit uns auf.<\/p>\n<\/details>\n\n\n\n<details class=\"wp-block-details has-abeezee-font-family is-layout-flow wp-block-details-is-layout-flow\"><summary>Individuell<\/summary>\n<p>Du m\u00f6chtest unser Projekt auf <strong>individuelle Art <\/strong>unterst\u00fctzen oder hast Anregungen?<\/p>\n\n\n\n<p>Wir ben\u00f6tigen f\u00fcr unser Herzensprojekt zahlreiche Menschen die uns mit ihren F\u00e4higkeiten (Finanzen, Renovierung, &#8230;) oder ihrem Netzwerk (Immobilien, Stiftungen, &#8230;) unterst\u00fctzen. Wir freuen uns auf <a href=\"https:\/\/playground.fas-gp.de\/?page_id=34\" data-type=\"page\" data-id=\"34\"><strong>dich<\/strong><\/a>!<\/p>\n<\/details>\n","protected":false},"excerpt":{"rendered":"<p>Eine Schule zu gr\u00fcnden, zu leiten und zu erweitern bedarf viel Kraft, Engagement und Unterst\u00fctzung. Wir freuen uns daher \u00fcber alle, die die LeNa unterst\u00fctzen m\u00f6chten. Dies kann auf vielf\u00e4ltige Weise geschehen<\/p>\n","protected":false},"author":1,"featured_media":0,"parent":0,"menu_order":0,"comment_status":"closed","ping_status":"closed","template":"","meta":{"footnotes":""},"class_list":["post-124","page","type-page","status-publish","hentry"],"_links":{"self":[{"href":"https:\/\/www.lena-gp.de\/index.php?rest_route=\/wp\/v2\/pages\/124","targetHints":{"allow":["GET"]}}],"collection":[{"href":"https:\/\/www.lena-gp.de\/index.php?rest_route=\/wp\/v2\/pages"}],"about":[{"href":"https:\/\/www.lena-gp.de\/index.php?rest_route=\/wp\/v2\/types\/page"}],"author":[{"embeddable":true,"href":"https:\/\/www.lena-gp.de\/index.php?rest_route=\/wp\/v2\/users\/1"}],"replies":[{"embeddable":true,"href":"https:\/\/www.lena-gp.de\/index.php?rest_route=%2Fwp%2Fv2%2Fcomments&post=124"}],"version-history":[{"count":5,"href":"https:\/\/www.lena-gp.de\/index.php?rest_route=\/wp\/v2\/pages\/124\/revisions"}],"predecessor-version":[{"id":156,"href":"https:\/\/www.lena-gp.de\/index.php?rest_route=\/wp\/v2\/pages\/124\/revisions\/156"}],"wp:attachment":[{"href":"https:\/\/www.lena-gp.de\/index.php?rest_route=%2Fwp%2Fv2%2Fmedia&parent=124"}],"curies":[{"name":"wp","href":"https:\/\/api.w.org\/{rel}","templated":true}]}}