{"id":100,"date":"2026-01-28T20:57:31","date_gmt":"2026-01-28T20:57:31","guid":{"rendered":"https:\/\/playground.fas-gp.de\/?page_id=100"},"modified":"2026-01-28T21:05:12","modified_gmt":"2026-01-28T21:05:12","slug":"danke","status":"publish","type":"page","link":"https:\/\/www.lena-gp.de\/?page_id=100","title":{"rendered":"Danke"},"content":{"rendered":"\n<p>Wir m\u00f6chten uns hier bei folgenden Stiftungen und Personen bedanken, die uns mit Ihrer finanziellen oder fachlichen Unterst\u00fctzung dabei helfen, die LeNa zu verwirklichen.<\/p>\n\n\n\n<hr class=\"wp-block-separator has-alpha-channel-opacity\"\/>\n\n\n\n<div class=\"wp-block-columns alignwide is-style-default is-layout-flex wp-container-core-columns-is-layout-667c1ae2 wp-block-columns-is-layout-flex\">\n<div class=\"wp-block-column is-layout-flow wp-block-column-is-layout-flow\">\n<p>Wir danken Ikbal \u00d6zkurt von Herzen f\u00fcr ihre Beratung, kompetente Unterst\u00fctzung und ihren unerm\u00fcdlichen Einsatz f\u00fcr unser zuk\u00fcnftiges LeNa-Schulgeb\u00e4ude!<\/p>\n\n\n\n<figure class=\"wp-block-image size-full\"><img loading=\"lazy\" decoding=\"async\" width=\"646\" height=\"222\" src=\"https:\/\/playground.fas-gp.de\/wp-content\/uploads\/2026\/01\/Logo_Oezkurt.jpg\" alt=\"\" class=\"wp-image-102\" srcset=\"https:\/\/www.lena-gp.de\/wp-content\/uploads\/2026\/01\/Logo_Oezkurt.jpg 646w, https:\/\/www.lena-gp.de\/wp-content\/uploads\/2026\/01\/Logo_Oezkurt-300x103.jpg 300w\" sizes=\"auto, (max-width: 646px) 100vw, 646px\" \/><\/figure>\n\n\n\n<hr class=\"wp-block-separator aligncenter has-alpha-channel-opacity\"\/>\n\n\n\n<p>Ein gro\u00dfes DANKESCH\u00d6N an das arbor-Team f\u00fcr ihre Spende und ihre wundervolle Arbeit!<\/p>\n\n\n\n<figure class=\"wp-block-image size-full\"><img loading=\"lazy\" decoding=\"async\" width=\"512\" height=\"512\" src=\"https:\/\/playground.fas-gp.de\/wp-content\/uploads\/2026\/01\/Arbor.jpg\" alt=\"\" class=\"wp-image-103\" srcset=\"https:\/\/www.lena-gp.de\/wp-content\/uploads\/2026\/01\/Arbor.jpg 512w, https:\/\/www.lena-gp.de\/wp-content\/uploads\/2026\/01\/Arbor-300x300.jpg 300w, https:\/\/www.lena-gp.de\/wp-content\/uploads\/2026\/01\/Arbor-150x150.jpg 150w\" sizes=\"auto, (max-width: 512px) 100vw, 512px\" \/><\/figure>\n\n\n\n<hr class=\"wp-block-separator aligncenter has-alpha-channel-opacity\"\/>\n<\/div>\n\n\n\n<div class=\"wp-block-column is-layout-flow wp-block-column-is-layout-flow\">\n<p><strong>Ein gro\u00dfes DANKESCH\u00d6N geht an die B\u00fcrgerstiftung G\u00f6ppingen! Durch ihre Spende erm\u00f6glicht sie der LeNa-Schulgemeinde Projekte zur gewaltfreien Kommunikation. Ein bedeutsamer Schritt zu einem friedvollen Miteinander.<\/strong><\/p>\n\n\n\n<figure class=\"wp-block-image size-large\"><img loading=\"lazy\" decoding=\"async\" width=\"1024\" height=\"768\" src=\"https:\/\/playground.fas-gp.de\/wp-content\/uploads\/2026\/01\/Buergerstiftung-GP-1024x768.jpg\" alt=\"\" class=\"wp-image-104\" srcset=\"https:\/\/www.lena-gp.de\/wp-content\/uploads\/2026\/01\/Buergerstiftung-GP-1024x768.jpg 1024w, https:\/\/www.lena-gp.de\/wp-content\/uploads\/2026\/01\/Buergerstiftung-GP-300x225.jpg 300w, https:\/\/www.lena-gp.de\/wp-content\/uploads\/2026\/01\/Buergerstiftung-GP-768x576.jpg 768w, https:\/\/www.lena-gp.de\/wp-content\/uploads\/2026\/01\/Buergerstiftung-GP.jpg 1280w\" sizes=\"auto, (max-width: 1024px) 100vw, 1024px\" \/><\/figure>\n\n\n\n<hr class=\"wp-block-separator aligncenter has-alpha-channel-opacity\"\/>\n\n\n\n<p>Herzlichen DANK an die Volksbank G\u00f6ppingen f\u00fcr die Spende f\u00fcr unsere Schulb\u00fccherei!<\/p>\n\n\n\n<figure class=\"wp-block-image size-full\"><img loading=\"lazy\" decoding=\"async\" width=\"663\" height=\"210\" src=\"https:\/\/playground.fas-gp.de\/wp-content\/uploads\/2026\/01\/Volksbank-GP.jpg\" alt=\"\" class=\"wp-image-105\" srcset=\"https:\/\/www.lena-gp.de\/wp-content\/uploads\/2026\/01\/Volksbank-GP.jpg 663w, https:\/\/www.lena-gp.de\/wp-content\/uploads\/2026\/01\/Volksbank-GP-300x95.jpg 300w\" sizes=\"auto, (max-width: 663px) 100vw, 663px\" \/><\/figure>\n\n\n\n<hr class=\"wp-block-separator aligncenter has-alpha-channel-opacity\"\/>\n<\/div>\n\n\n\n<div class=\"wp-block-column is-layout-flow wp-block-column-is-layout-flow\">\n<p>Herzlichen DANK an die Stiftung Mitarbeit! Dank ihrer Spende k\u00f6nnen wir sch\u00f6ne und informative Flyer f\u00fcr die LeNa erstellen und drucken lassen.<\/p>\n\n\n\n<figure class=\"wp-block-image size-full\"><img loading=\"lazy\" decoding=\"async\" width=\"559\" height=\"412\" src=\"https:\/\/playground.fas-gp.de\/wp-content\/uploads\/2026\/01\/Stiftung-Mitarbeit.jpg\" alt=\"\" class=\"wp-image-106\" srcset=\"https:\/\/www.lena-gp.de\/wp-content\/uploads\/2026\/01\/Stiftung-Mitarbeit.jpg 559w, https:\/\/www.lena-gp.de\/wp-content\/uploads\/2026\/01\/Stiftung-Mitarbeit-300x221.jpg 300w\" sizes=\"auto, (max-width: 559px) 100vw, 559px\" \/><\/figure>\n\n\n\n<hr class=\"wp-block-separator aligncenter has-alpha-channel-opacity\"\/>\n\n\n\n<p>Ein riesiges DANKESCH\u00d6N an die Hohenstaufenstiftung f\u00fcr die gro\u00dfz\u00fcgige Unterst\u00fctzung f\u00fcr unsere Kinderk\u00fcche im neuen Schulgeb\u00e4ude!<\/p>\n\n\n\n<figure class=\"wp-block-image size-full\"><img loading=\"lazy\" decoding=\"async\" width=\"594\" height=\"310\" src=\"https:\/\/playground.fas-gp.de\/wp-content\/uploads\/2026\/01\/Hohenstaufenstiftung.jpg\" alt=\"\" class=\"wp-image-107\" srcset=\"https:\/\/www.lena-gp.de\/wp-content\/uploads\/2026\/01\/Hohenstaufenstiftung.jpg 594w, https:\/\/www.lena-gp.de\/wp-content\/uploads\/2026\/01\/Hohenstaufenstiftung-300x157.jpg 300w\" sizes=\"auto, (max-width: 594px) 100vw, 594px\" \/><\/figure>\n\n\n\n<hr class=\"wp-block-separator aligncenter has-alpha-channel-opacity\"\/>\n<\/div>\n\n\n\n<div class=\"wp-block-column is-layout-flow wp-block-column-is-layout-flow\">\n<p>Ein gro\u00dfes DANKESCH\u00d6N an die Software AG &#8211; Stiftung f\u00fcr die gro\u00dfz\u00fcgige Anschubfinanzierung!<\/p>\n\n\n\n<figure class=\"wp-block-image size-full\"><img loading=\"lazy\" decoding=\"async\" width=\"800\" height=\"800\" src=\"https:\/\/playground.fas-gp.de\/wp-content\/uploads\/2026\/01\/Sagst.webp\" alt=\"\" class=\"wp-image-108\" srcset=\"https:\/\/www.lena-gp.de\/wp-content\/uploads\/2026\/01\/Sagst.webp 800w, https:\/\/www.lena-gp.de\/wp-content\/uploads\/2026\/01\/Sagst-300x300.webp 300w, https:\/\/www.lena-gp.de\/wp-content\/uploads\/2026\/01\/Sagst-150x150.webp 150w, https:\/\/www.lena-gp.de\/wp-content\/uploads\/2026\/01\/Sagst-768x768.webp 768w\" sizes=\"auto, (max-width: 800px) 100vw, 800px\" \/><\/figure>\n\n\n\n<hr class=\"wp-block-separator aligncenter has-alpha-channel-opacity\"\/>\n\n\n\n<p><br>Einfach mal DANKE sagen f\u00fcr die finanzielle Unterst\u00fctzung bei der Gestaltung unseres Schulgartens am neuen Standort!<\/p>\n\n\n\n<figure class=\"wp-block-image size-full\"><img loading=\"lazy\" decoding=\"async\" width=\"317\" height=\"309\" src=\"https:\/\/playground.fas-gp.de\/wp-content\/uploads\/2026\/01\/IKEA-Stiftung.jpg\" alt=\"\" class=\"wp-image-109\" srcset=\"https:\/\/www.lena-gp.de\/wp-content\/uploads\/2026\/01\/IKEA-Stiftung.jpg 317w, https:\/\/www.lena-gp.de\/wp-content\/uploads\/2026\/01\/IKEA-Stiftung-300x292.jpg 300w\" sizes=\"auto, (max-width: 317px) 100vw, 317px\" \/><\/figure>\n\n\n\n<hr class=\"wp-block-separator aligncenter has-alpha-channel-opacity\"\/>\n<\/div>\n\n\n\n<div class=\"wp-block-column is-layout-flow wp-block-column-is-layout-flow\">\n<p>Wir freuen uns sehr \u00fcber die gro\u00dfz\u00fcgige Sachspende von STOCKMAR. Unsere LeNa Kinder werden viel Freude mit den Wachsmalstiften haben.<\/p>\n\n\n\n<figure class=\"wp-block-image size-full\"><img loading=\"lazy\" decoding=\"async\" width=\"283\" height=\"90\" src=\"https:\/\/playground.fas-gp.de\/wp-content\/uploads\/2026\/01\/Stockmar.png\" alt=\"\" class=\"wp-image-110\"\/><\/figure>\n<\/div>\n<\/div>\n","protected":false},"excerpt":{"rendered":"<p>Wir m\u00f6chten uns hier bei folgenden Stiftungen und Personen bedanken, die uns mit Ihrer finanziellen oder fachlichen Unterst\u00fctzung dabei helfen, die LeNa zu verwirklichen. Wir danken Ikbal \u00d6zkurt von Herzen f\u00fcr ihre Beratung, kompetente Unterst\u00fctzung und ihren unerm\u00fcdlichen Einsatz f\u00fcr unser zuk\u00fcnftiges LeNa-Schulgeb\u00e4ude! Ein gro\u00dfes DANKESCH\u00d6N an das arbor-Team f\u00fcr ihre Spende und ihre wundervolle [&hellip;]<\/p>\n","protected":false},"author":1,"featured_media":0,"parent":0,"menu_order":0,"comment_status":"closed","ping_status":"closed","template":"","meta":{"footnotes":""},"class_list":["post-100","page","type-page","status-publish","hentry"],"_links":{"self":[{"href":"https:\/\/www.lena-gp.de\/index.php?rest_route=\/wp\/v2\/pages\/100","targetHints":{"allow":["GET"]}}],"collection":[{"href":"https:\/\/www.lena-gp.de\/index.php?rest_route=\/wp\/v2\/pages"}],"about":[{"href":"https:\/\/www.lena-gp.de\/index.php?rest_route=\/wp\/v2\/types\/page"}],"author":[{"embeddable":true,"href":"https:\/\/www.lena-gp.de\/index.php?rest_route=\/wp\/v2\/users\/1"}],"replies":[{"embeddable":true,"href":"https:\/\/www.lena-gp.de\/index.php?rest_route=%2Fwp%2Fv2%2Fcomments&post=100"}],"version-history":[{"count":5,"href":"https:\/\/www.lena-gp.de\/index.php?rest_route=\/wp\/v2\/pages\/100\/revisions"}],"predecessor-version":[{"id":113,"href":"https:\/\/www.lena-gp.de\/index.php?rest_route=\/wp\/v2\/pages\/100\/revisions\/113"}],"wp:attachment":[{"href":"https:\/\/www.lena-gp.de\/index.php?rest_route=%2Fwp%2Fv2%2Fmedia&parent=100"}],"curies":[{"name":"wp","href":"https:\/\/api.w.org\/{rel}","templated":true}]}}